{"id":27,"date":"2023-11-01T14:44:38","date_gmt":"2023-11-01T17:44:38","guid":{"rendered":"https:\/\/raizesdoportofeliz.itei.org.br\/?page_id=27"},"modified":"2024-01-14T15:33:35","modified_gmt":"2024-01-14T18:33:35","slug":"home","status":"publish","type":"page","link":"https:\/\/raizesdoportofeliz.itei.org.br\/","title":{"rendered":"Home"},"content":{"rendered":"\t\t<div data-elementor-type=\"wp-page\" data-elementor-id=\"27\" class=\"elementor elementor-27\">\n\t\t\t\t<div class=\"elementor-element elementor-element-eca6a4c e-con-full e-flex e-con e-parent\" data-id=\"eca6a4c\" data-element_type=\"container\" data-settings=\"{&quot;background_background&quot;:&quot;classic&quot;}\">\n\t\t\t\t<div class=\"elementor-element elementor-element-b014f10 elementor-widget__width-initial elementor-widget elementor-widget-video\" data-id=\"b014f10\" data-element_type=\"widget\" data-settings=\"{&quot;video_type&quot;:&quot;hosted&quot;,&quot;autoplay&quot;:&quot;yes&quot;,&quot;play_on_mobile&quot;:&quot;yes&quot;,&quot;mute&quot;:&quot;yes&quot;,&quot;loop&quot;:&quot;yes&quot;}\" data-widget_type=\"video.default\">\n\t\t\t\t<div class=\"elementor-widget-container\">\n\t\t\t\t\t\t\t<div class=\"e-hosted-video elementor-wrapper elementor-open-inline\">\n\t\t\t\t\t<video class=\"elementor-video\" src=\"https:\/\/raizesdoportofeliz.itei.org.br\/wp-content\/uploads\/2024\/01\/Design-sem-nome-1.mp4\" autoplay=\"\" loop=\"\" muted=\"muted\" playsinline=\"\" controlsList=\"nodownload\"><\/video>\n\t\t\t\t<\/div>\n\t\t\t\t\t\t<\/div>\n\t\t\t\t<\/div>\n\t\t<div class=\"elementor-element elementor-element-c925c22 e-con-full animated-slow e-flex elementor-invisible e-con e-child\" data-id=\"c925c22\" data-element_type=\"container\" data-settings=\"{&quot;animation&quot;:&quot;fadeIn&quot;}\">\n\t\t\t\t<div class=\"elementor-element elementor-element-394786b elementor-widget__width-initial elementor-widget-mobile__width-initial elementor-widget elementor-widget-heading\" data-id=\"394786b\" data-element_type=\"widget\" data-widget_type=\"heading.default\">\n\t\t\t\t<div class=\"elementor-widget-container\">\n\t\t\t\t\t<h2 class=\"elementor-heading-title elementor-size-default\">Ol\u00e1, Bem vindo  as <\/h2>\t\t\t\t<\/div>\n\t\t\t\t<\/div>\n\t\t\t\t<div class=\"elementor-element elementor-element-8cc80fc elementor-widget-mobile__width-initial elementor-widget elementor-widget-heading\" data-id=\"8cc80fc\" data-element_type=\"widget\" data-widget_type=\"heading.default\">\n\t\t\t\t<div class=\"elementor-widget-container\">\n\t\t\t\t\t<h2 class=\"elementor-heading-title elementor-size-default\">Ra\u00edzes Do Porto Feliz<\/h2>\t\t\t\t<\/div>\n\t\t\t\t<\/div>\n\t\t\t\t<div class=\"elementor-element elementor-element-7ca1645 elementor-widget elementor-widget-text-editor\" data-id=\"7ca1645\" data-element_type=\"widget\" data-widget_type=\"text-editor.default\">\n\t\t\t\t<div class=\"elementor-widget-container\">\n\t\t\t\t\t\t\t\t\tBem-vindo \u00e0s Ra\u00edzes de Porto Feliz, Nas Ra\u00edzes de Porto Feliz, nossa miss\u00e3o \u00e9 ir al\u00e9m das simples transa\u00e7\u00f5es comerciais, buscando construir verdadeiras conex\u00f5es com nossa comunidade. Onde voc\u00ea pode explorar uma ampla gama de produtos. Desde produtos essenciais at\u00e9 itens artesanais, estamos empenhados em oferecer uma variedade que reflete a diversidade e autenticidade da nossa regi\u00e3o.\t\t\t\t\t\t\t\t<\/div>\n\t\t\t\t<\/div>\n\t\t<div class=\"elementor-element elementor-element-11007bb e-flex e-con-boxed e-con e-child\" data-id=\"11007bb\" data-element_type=\"container\">\n\t\t\t\t\t<div class=\"e-con-inner\">\n\t\t\t\t\t<\/div>\n\t\t\t\t<\/div>\n\t\t\t\t<\/div>\n\t\t\t\t<\/div>\n\t\t<div class=\"elementor-element elementor-element-7ab7e51 e-con-full e-flex e-con e-parent\" data-id=\"7ab7e51\" data-element_type=\"container\" id=\"contato\" data-settings=\"{&quot;background_background&quot;:&quot;classic&quot;}\">\n\t\t<div class=\"elementor-element elementor-element-0cd84d5 e-con-full e-flex e-con e-child\" data-id=\"0cd84d5\" data-element_type=\"container\">\n\t\t\t\t<div class=\"elementor-element elementor-element-c8ed1a8 elementor-widget elementor-widget-heading\" data-id=\"c8ed1a8\" data-element_type=\"widget\" data-widget_type=\"heading.default\">\n\t\t\t\t<div class=\"elementor-widget-container\">\n\t\t\t\t\t<h2 class=\"elementor-heading-title elementor-size-default\">Conhe\u00e7a alguns de nossos produtos <\/h2>\t\t\t\t<\/div>\n\t\t\t\t<\/div>\n\t\t\t\t<\/div>\n\t\t\t\t<div class=\"elementor-element elementor-element-4d90b57 elementor-widget-mobile__width-initial elementor-widget elementor-widget-shopengine-product-list\" data-id=\"4d90b57\" data-element_type=\"widget\" data-widget_type=\"shopengine-product-list.default\">\n\t\t\t\t<div class=\"elementor-widget-container\">\n\t\t\t\t\t<div class=\"shopengine shopengine-widget\"><\/div>\t\t\t\t<\/div>\n\t\t\t\t<\/div>\n\t\t\t\t<\/div>\n\t\t\t\t<\/div>\n\t\t","protected":false},"excerpt":{"rendered":"<p>https:\/\/raizesdoportofeliz.itei.org.br\/wp-content\/uploads\/2024\/01\/Design-sem-nome-1.mp4 Ol\u00e1, Bem vindo as Ra\u00edzes Do Porto Feliz Bem-vindo \u00e0s Ra\u00edzes de Porto Feliz, Nas Ra\u00edzes de Porto Feliz, nossa miss\u00e3o \u00e9 ir al\u00e9m das simples transa\u00e7\u00f5es comerciais, buscando construir verdadeiras conex\u00f5es com nossa comunidade. Onde voc\u00ea pode explorar uma ampla gama de produtos. Desde produtos essenciais at\u00e9 itens artesanais, estamos empenhados em oferecer [&hellip;]<\/p>\n","protected":false},"author":1,"featured_media":0,"parent":0,"menu_order":0,"comment_status":"closed","ping_status":"closed","template":"elementor_header_footer","meta":{"footnotes":""},"class_list":["post-27","page","type-page","status-publish","hentry"],"_links":{"self":[{"href":"https:\/\/raizesdoportofeliz.itei.org.br\/index.php\/wp-json\/wp\/v2\/pages\/27","targetHints":{"allow":["GET"]}}],"collection":[{"href":"https:\/\/raizesdoportofeliz.itei.org.br\/index.php\/wp-json\/wp\/v2\/pages"}],"about":[{"href":"https:\/\/raizesdoportofeliz.itei.org.br\/index.php\/wp-json\/wp\/v2\/types\/page"}],"author":[{"embeddable":true,"href":"https:\/\/raizesdoportofeliz.itei.org.br\/index.php\/wp-json\/wp\/v2\/users\/1"}],"replies":[{"embeddable":true,"href":"https:\/\/raizesdoportofeliz.itei.org.br\/index.php\/wp-json\/wp\/v2\/comments?post=27"}],"version-history":[{"count":298,"href":"https:\/\/raizesdoportofeliz.itei.org.br\/index.php\/wp-json\/wp\/v2\/pages\/27\/revisions"}],"predecessor-version":[{"id":911,"href":"https:\/\/raizesdoportofeliz.itei.org.br\/index.php\/wp-json\/wp\/v2\/pages\/27\/revisions\/911"}],"wp:attachment":[{"href":"https:\/\/raizesdoportofeliz.itei.org.br\/index.php\/wp-json\/wp\/v2\/media?parent=27"}],"curies":[{"name":"wp","href":"https:\/\/api.w.org\/{rel}","templated":true}]}}